{"id":146,"date":"2023-11-30T15:10:09","date_gmt":"2023-11-30T15:10:09","guid":{"rendered":"https:\/\/roclinic.elevatestaging.host\/?page_id=146"},"modified":"2026-01-11T12:06:34","modified_gmt":"2026-01-11T12:06:34","slug":"kliiniku-spetsialistid","status":"publish","type":"page","link":"https:\/\/roclinic.ee\/index.php\/kliiniku-spetsialistid\/","title":{"rendered":"Kliiniku spetsialistid"},"content":{"rendered":"\t\t<div data-elementor-type=\"wp-page\" data-elementor-id=\"146\" class=\"elementor elementor-146\" data-elementor-post-type=\"page\">\n\t\t\t\t<div class=\"elementor-element elementor-element-14c5329 e-flex e-con-boxed e-con e-parent\" data-id=\"14c5329\" data-element_type=\"container\" data-settings=\"{&quot;background_background&quot;:&quot;classic&quot;}\">\n\t\t\t\t\t<div class=\"e-con-inner\">\n\t\t\t\t<div class=\"elementor-element elementor-element-a952452 elementor-widget elementor-widget-heading\" data-id=\"a952452\" data-element_type=\"widget\" data-widget_type=\"heading.default\">\n\t\t\t\t<div class=\"elementor-widget-container\">\n\t\t\t<style>\/*! elementor - v3.23.0 - 05-08-2024 *\/\n.elementor-heading-title{padding:0;margin:0;line-height:1}.elementor-widget-heading .elementor-heading-title[class*=elementor-size-]>a{color:inherit;font-size:inherit;line-height:inherit}.elementor-widget-heading .elementor-heading-title.elementor-size-small{font-size:15px}.elementor-widget-heading .elementor-heading-title.elementor-size-medium{font-size:19px}.elementor-widget-heading .elementor-heading-title.elementor-size-large{font-size:29px}.elementor-widget-heading .elementor-heading-title.elementor-size-xl{font-size:39px}.elementor-widget-heading .elementor-heading-title.elementor-size-xxl{font-size:59px}<\/style><h2 class=\"elementor-heading-title elementor-size-default\">Kliinikust<\/h2>\t\t<\/div>\n\t\t\t\t<\/div>\n\t\t\t\t<div class=\"elementor-element elementor-element-1a1b7a8 elementor-widget elementor-widget-heading\" data-id=\"1a1b7a8\" data-element_type=\"widget\" data-widget_type=\"heading.default\">\n\t\t\t\t<div class=\"elementor-widget-container\">\n\t\t\t<h2 class=\"elementor-heading-title elementor-size-default\">Kliiniku spetsialistid\n<\/h2>\t\t<\/div>\n\t\t\t\t<\/div>\n\t\t\t\t\t<\/div>\n\t\t\t\t<\/div>\n\t\t<div class=\"elementor-element elementor-element-7e373ea e-flex e-con-boxed e-con e-parent\" data-id=\"7e373ea\" data-element_type=\"container\">\n\t\t\t\t\t<div class=\"e-con-inner\">\n\t\t<div class=\"elementor-element elementor-element-8b906aa e-con-full e-flex e-con e-child\" data-id=\"8b906aa\" data-element_type=\"container\" data-settings=\"{&quot;background_background&quot;:&quot;classic&quot;}\">\n\t\t\t\t<div class=\"elementor-element elementor-element-74af4c2 elementor-widget elementor-widget-image\" data-id=\"74af4c2\" data-element_type=\"widget\" data-widget_type=\"image.default\">\n\t\t\t\t<div class=\"elementor-widget-container\">\n\t\t\t<style>\/*! elementor - v3.23.0 - 05-08-2024 *\/\n.elementor-widget-image{text-align:center}.elementor-widget-image a{display:inline-block}.elementor-widget-image a img[src$=\".svg\"]{width:48px}.elementor-widget-image img{vertical-align:middle;display:inline-block}<\/style>\t\t\t\t\t\t\t\t\t\t<img fetchpriority=\"high\" decoding=\"async\" width=\"612\" height=\"932\" src=\"https:\/\/roclinic.ee\/wp-content\/uploads\/2024\/09\/WhatsApp-Image-2024-09-23-at-16.51.48_40f20c9c.jpg\" class=\"attachment-full size-full wp-image-1383\" alt=\"\" srcset=\"https:\/\/roclinic.ee\/wp-content\/uploads\/2024\/09\/WhatsApp-Image-2024-09-23-at-16.51.48_40f20c9c.jpg 612w, https:\/\/roclinic.ee\/wp-content\/uploads\/2024\/09\/WhatsApp-Image-2024-09-23-at-16.51.48_40f20c9c-197x300.jpg 197w\" sizes=\"(max-width: 612px) 100vw, 612px\" \/>\t\t\t\t\t\t\t\t\t\t\t\t\t<\/div>\n\t\t\t\t<\/div>\n\t\t\t\t<div class=\"elementor-element elementor-element-f9a0934 elementor-widget elementor-widget-heading\" data-id=\"f9a0934\" data-element_type=\"widget\" data-widget_type=\"heading.default\">\n\t\t\t\t<div class=\"elementor-widget-container\">\n\t\t\t<h2 class=\"elementor-heading-title elementor-size-default\"><span style=\"color: var( --e-global-color-primary ); font-family: Bitter, sans-serif; font-size: 22px; font-weight: 600; white-space: pre-wrap; background-color: rgb(255, 255, 255); text-align: var(--text-align); display: inline !important; float: none;\">Olga Jegers<\/span><\/h2>\t\t<\/div>\n\t\t\t\t<\/div>\n\t\t\t\t<div class=\"elementor-element elementor-element-401519d elementor-widget elementor-widget-heading\" data-id=\"401519d\" data-element_type=\"widget\" data-widget_type=\"heading.default\">\n\t\t\t\t<div class=\"elementor-widget-container\">\n\t\t\t<h2 class=\"elementor-heading-title elementor-size-default\">Vanemlaborant, kliiniku juhataja<\/h2>\t\t<\/div>\n\t\t\t\t<\/div>\n\t\t\t\t<div class=\"elementor-element elementor-element-73f385b elementor-widget elementor-widget-text-editor\" data-id=\"73f385b\" data-element_type=\"widget\" data-widget_type=\"text-editor.default\">\n\t\t\t\t<div class=\"elementor-widget-container\">\n\t\t\t<style>\/*! elementor - v3.23.0 - 05-08-2024 *\/\n.elementor-widget-text-editor.elementor-drop-cap-view-stacked .elementor-drop-cap{background-color:#69727d;color:#fff}.elementor-widget-text-editor.elementor-drop-cap-view-framed .elementor-drop-cap{color:#69727d;border:3px solid;background-color:transparent}.elementor-widget-text-editor:not(.elementor-drop-cap-view-default) .elementor-drop-cap{margin-top:8px}.elementor-widget-text-editor:not(.elementor-drop-cap-view-default) .elementor-drop-cap-letter{width:1em;height:1em}.elementor-widget-text-editor .elementor-drop-cap{float:left;text-align:center;line-height:1;font-size:50px}.elementor-widget-text-editor .elementor-drop-cap-letter{display:inline-block}<\/style>\t\t\t\t<p>Ro-kliinikus 15-aastase t\u00f6\u00f6kogemusega vanemlaborant, laia profiiliga meditsiini\u00f5de (PERH), onkoloogia- ja hematoloogiakliiniku protseduuri\u00f5de (ambulatoorse keemiaravi kabinet).<\/p>\t\t\t\t\t\t<\/div>\n\t\t\t\t<\/div>\n\t\t\t\t<\/div>\n\t\t<div class=\"elementor-element elementor-element-be53108 e-con-full e-flex e-con e-child\" data-id=\"be53108\" data-element_type=\"container\" data-settings=\"{&quot;background_background&quot;:&quot;classic&quot;}\">\n\t\t\t\t<div class=\"elementor-element elementor-element-248b62f elementor-widget elementor-widget-image\" data-id=\"248b62f\" data-element_type=\"widget\" data-widget_type=\"image.default\">\n\t\t\t\t<div class=\"elementor-widget-container\">\n\t\t\t\t\t\t\t\t\t\t\t\t\t<img decoding=\"async\" width=\"1333\" height=\"2000\" src=\"https:\/\/roclinic.ee\/wp-content\/uploads\/2023\/12\/OlgaSakk-e1603881885556.jpg\" class=\"attachment-full size-full wp-image-296\" alt=\"\" srcset=\"https:\/\/roclinic.ee\/wp-content\/uploads\/2023\/12\/OlgaSakk-e1603881885556.jpg 1333w, https:\/\/roclinic.ee\/wp-content\/uploads\/2023\/12\/OlgaSakk-e1603881885556-200x300.jpg 200w, https:\/\/roclinic.ee\/wp-content\/uploads\/2023\/12\/OlgaSakk-e1603881885556-682x1024.jpg 682w, https:\/\/roclinic.ee\/wp-content\/uploads\/2023\/12\/OlgaSakk-e1603881885556-768x1152.jpg 768w, https:\/\/roclinic.ee\/wp-content\/uploads\/2023\/12\/OlgaSakk-e1603881885556-1024x1536.jpg 1024w\" sizes=\"(max-width: 1333px) 100vw, 1333px\" \/>\t\t\t\t\t\t\t\t\t\t\t\t\t<\/div>\n\t\t\t\t<\/div>\n\t\t\t\t<div class=\"elementor-element elementor-element-974e921 elementor-widget elementor-widget-heading\" data-id=\"974e921\" data-element_type=\"widget\" data-widget_type=\"heading.default\">\n\t\t\t\t<div class=\"elementor-widget-container\">\n\t\t\t<h2 class=\"elementor-heading-title elementor-size-default\">Olga Nisuorg<\/h2>\t\t<\/div>\n\t\t\t\t<\/div>\n\t\t\t\t<div class=\"elementor-element elementor-element-40715fe elementor-widget elementor-widget-heading\" data-id=\"40715fe\" data-element_type=\"widget\" data-widget_type=\"heading.default\">\n\t\t\t\t<div class=\"elementor-widget-container\">\n\t\t\t<h2 class=\"elementor-heading-title elementor-size-default\">Toitumisterapeut<\/h2>\t\t<\/div>\n\t\t\t\t<\/div>\n\t\t\t\t<div class=\"elementor-element elementor-element-86facaa elementor-widget elementor-widget-text-editor\" data-id=\"86facaa\" data-element_type=\"widget\" data-widget_type=\"text-editor.default\">\n\t\t\t\t<div class=\"elementor-widget-container\">\n\t\t\t\t\t\t\t<p>Rakendusk\u00f5rgharidus (Tartu Tervishoiu K\u00f5rgkool \u00f5e eriala). Tervise\u00f5e koolitus (Tallinna Tervishoiu K\u00f5rgkool). Tubakast loobumise n\u00f5ustajate (TLN) koolitus (Tervise Arengu Instituut). Annely Sootsi Koolituse \u201cToitumisterapeudi \u00f5pe\u201d, mis sisaldab \u201cToitumisn\u00f5ustaja ja Tervisen\u00f5ustaja toitumise alal \u00f5pet\u201d. Alates 2019 a t\u00f6\u00f6tab RoClinicus toitumisterapeudina.s.<\/p>\t\t\t\t\t\t<\/div>\n\t\t\t\t<\/div>\n\t\t\t\t<\/div>\n\t\t<div class=\"elementor-element elementor-element-f6b9150 e-con-full e-flex e-con e-child\" data-id=\"f6b9150\" data-element_type=\"container\" data-settings=\"{&quot;background_background&quot;:&quot;classic&quot;}\">\n\t\t<div class=\"elementor-element elementor-element-761e454 e-con-full e-flex e-con e-child\" data-id=\"761e454\" data-element_type=\"container\" data-settings=\"{&quot;background_background&quot;:&quot;classic&quot;}\">\n\t\t\t\t<div class=\"elementor-element elementor-element-3cc7ac5 elementor-widget elementor-widget-image\" data-id=\"3cc7ac5\" data-element_type=\"widget\" data-widget_type=\"image.default\">\n\t\t\t\t<div class=\"elementor-widget-container\">\n\t\t\t\t\t\t\t\t\t\t\t\t\t<img decoding=\"async\" width=\"2048\" height=\"2560\" src=\"https:\/\/roclinic.ee\/wp-content\/uploads\/2023\/12\/DSC0444-Edit-Edit-scaled-1.jpg\" class=\"attachment-full size-full wp-image-299\" alt=\"\" srcset=\"https:\/\/roclinic.ee\/wp-content\/uploads\/2023\/12\/DSC0444-Edit-Edit-scaled-1.jpg 2048w, https:\/\/roclinic.ee\/wp-content\/uploads\/2023\/12\/DSC0444-Edit-Edit-scaled-1-240x300.jpg 240w, https:\/\/roclinic.ee\/wp-content\/uploads\/2023\/12\/DSC0444-Edit-Edit-scaled-1-819x1024.jpg 819w, https:\/\/roclinic.ee\/wp-content\/uploads\/2023\/12\/DSC0444-Edit-Edit-scaled-1-768x960.jpg 768w, https:\/\/roclinic.ee\/wp-content\/uploads\/2023\/12\/DSC0444-Edit-Edit-scaled-1-1229x1536.jpg 1229w, https:\/\/roclinic.ee\/wp-content\/uploads\/2023\/12\/DSC0444-Edit-Edit-scaled-1-1638x2048.jpg 1638w\" sizes=\"(max-width: 2048px) 100vw, 2048px\" \/>\t\t\t\t\t\t\t\t\t\t\t\t\t<\/div>\n\t\t\t\t<\/div>\n\t\t\t\t<div class=\"elementor-element elementor-element-df9b832 elementor-widget elementor-widget-heading\" data-id=\"df9b832\" data-element_type=\"widget\" data-widget_type=\"heading.default\">\n\t\t\t\t<div class=\"elementor-widget-container\">\n\t\t\t<h2 class=\"elementor-heading-title elementor-size-default\">Doktor Jelena Kokorko\n<\/h2>\t\t<\/div>\n\t\t\t\t<\/div>\n\t\t\t\t<div class=\"elementor-element elementor-element-5052c96 elementor-widget elementor-widget-heading\" data-id=\"5052c96\" data-element_type=\"widget\" data-widget_type=\"heading.default\">\n\t\t\t\t<div class=\"elementor-widget-container\">\n\t\t\t<h2 class=\"elementor-heading-title elementor-size-default\">Sertifitseeritud spetsialist RoClinicus, lastearst, perearst<\/h2>\t\t<\/div>\n\t\t\t\t<\/div>\n\t\t\t\t<div class=\"elementor-element elementor-element-2fef234 elementor-widget elementor-widget-text-editor\" data-id=\"2fef234\" data-element_type=\"widget\" data-widget_type=\"text-editor.default\">\n\t\t\t\t<div class=\"elementor-widget-container\">\n\t\t\t\t\t\t\t<p>L\u00f5petas 1984. aastal Peterburi Pediaatriakadeemia Leningradi Pediaatriainstituudi cum laude\u00a0perearstikursused 2004. aastal.\u00a0<\/p>\t\t\t\t\t\t<\/div>\n\t\t\t\t<\/div>\n\t\t\t\t<\/div>\n\t\t\t\t<\/div>\n\t\t\t\t\t<\/div>\n\t\t\t\t<\/div>\n\t\t<div class=\"elementor-element elementor-element-addaf5f e-flex e-con-boxed e-con e-parent\" data-id=\"addaf5f\" data-element_type=\"container\">\n\t\t\t\t\t<div class=\"e-con-inner\">\n\t\t<div class=\"elementor-element elementor-element-9521db8 e-con-full e-flex e-con e-child\" data-id=\"9521db8\" data-element_type=\"container\" data-settings=\"{&quot;background_background&quot;:&quot;classic&quot;}\">\n\t\t\t\t<div class=\"elementor-element elementor-element-59a130c elementor-widget elementor-widget-image\" data-id=\"59a130c\" data-element_type=\"widget\" data-widget_type=\"image.default\">\n\t\t\t\t<div class=\"elementor-widget-container\">\n\t\t\t\t\t\t\t\t\t\t\t\t\t<img loading=\"lazy\" decoding=\"async\" width=\"2048\" height=\"2560\" src=\"https:\/\/roclinic.ee\/wp-content\/uploads\/2023\/12\/MG_0510-scaled-1.jpg\" class=\"attachment-full size-full wp-image-298\" alt=\"\" srcset=\"https:\/\/roclinic.ee\/wp-content\/uploads\/2023\/12\/MG_0510-scaled-1.jpg 2048w, https:\/\/roclinic.ee\/wp-content\/uploads\/2023\/12\/MG_0510-scaled-1-240x300.jpg 240w, https:\/\/roclinic.ee\/wp-content\/uploads\/2023\/12\/MG_0510-scaled-1-819x1024.jpg 819w, https:\/\/roclinic.ee\/wp-content\/uploads\/2023\/12\/MG_0510-scaled-1-768x960.jpg 768w, https:\/\/roclinic.ee\/wp-content\/uploads\/2023\/12\/MG_0510-scaled-1-1229x1536.jpg 1229w, https:\/\/roclinic.ee\/wp-content\/uploads\/2023\/12\/MG_0510-scaled-1-1638x2048.jpg 1638w\" sizes=\"(max-width: 2048px) 100vw, 2048px\" \/>\t\t\t\t\t\t\t\t\t\t\t\t\t<\/div>\n\t\t\t\t<\/div>\n\t\t\t\t<div class=\"elementor-element elementor-element-53ca373 elementor-widget elementor-widget-heading\" data-id=\"53ca373\" data-element_type=\"widget\" data-widget_type=\"heading.default\">\n\t\t\t\t<div class=\"elementor-widget-container\">\n\t\t\t<h2 class=\"elementor-heading-title elementor-size-default\">Doktor Dzidra M\u00e4esalu<\/h2>\t\t<\/div>\n\t\t\t\t<\/div>\n\t\t\t\t<div class=\"elementor-element elementor-element-dab44ba elementor-widget elementor-widget-heading\" data-id=\"dab44ba\" data-element_type=\"widget\" data-widget_type=\"heading.default\">\n\t\t\t\t<div class=\"elementor-widget-container\">\n\t\t\t<h2 class=\"elementor-heading-title elementor-size-default\">Pikaajalise staa\u017eiga lastearst<\/h2>\t\t<\/div>\n\t\t\t\t<\/div>\n\t\t\t\t<div class=\"elementor-element elementor-element-42f3c79 elementor-widget elementor-widget-text-editor\" data-id=\"42f3c79\" data-element_type=\"widget\" data-widget_type=\"text-editor.default\">\n\t\t\t\t<div class=\"elementor-widget-container\">\n\t\t\t\t\t\t\t<p>T\u00f6\u00f6tab Ro-kliinikus algusest peale,<br \/>v\u00e4ga suurte kogemuste ja teadmistega arst-konsultant, kelle saavutused on suurep\u00e4rased.<\/p>\t\t\t\t\t\t<\/div>\n\t\t\t\t<\/div>\n\t\t\t\t<\/div>\n\t\t<div class=\"elementor-element elementor-element-224fcf7 e-con-full e-flex e-con e-child\" data-id=\"224fcf7\" data-element_type=\"container\" data-settings=\"{&quot;background_background&quot;:&quot;classic&quot;}\">\n\t\t<div class=\"elementor-element elementor-element-f6d27b7 e-con-full e-flex e-con e-child\" data-id=\"f6d27b7\" data-element_type=\"container\" data-settings=\"{&quot;background_background&quot;:&quot;classic&quot;}\">\n\t\t\t\t<div class=\"elementor-element elementor-element-1086f90 elementor-widget elementor-widget-image\" data-id=\"1086f90\" data-element_type=\"widget\" data-widget_type=\"image.default\">\n\t\t\t\t<div class=\"elementor-widget-container\">\n\t\t\t\t\t\t\t\t\t\t\t\t\t<img loading=\"lazy\" decoding=\"async\" width=\"2048\" height=\"2560\" src=\"https:\/\/roclinic.ee\/wp-content\/uploads\/2023\/12\/DSC0464-Edit-Edit-scaled-1.jpg\" class=\"attachment-full size-full wp-image-301\" alt=\"\" srcset=\"https:\/\/roclinic.ee\/wp-content\/uploads\/2023\/12\/DSC0464-Edit-Edit-scaled-1.jpg 2048w, https:\/\/roclinic.ee\/wp-content\/uploads\/2023\/12\/DSC0464-Edit-Edit-scaled-1-240x300.jpg 240w, https:\/\/roclinic.ee\/wp-content\/uploads\/2023\/12\/DSC0464-Edit-Edit-scaled-1-819x1024.jpg 819w, https:\/\/roclinic.ee\/wp-content\/uploads\/2023\/12\/DSC0464-Edit-Edit-scaled-1-768x960.jpg 768w, https:\/\/roclinic.ee\/wp-content\/uploads\/2023\/12\/DSC0464-Edit-Edit-scaled-1-1229x1536.jpg 1229w, https:\/\/roclinic.ee\/wp-content\/uploads\/2023\/12\/DSC0464-Edit-Edit-scaled-1-1638x2048.jpg 1638w\" sizes=\"(max-width: 2048px) 100vw, 2048px\" \/>\t\t\t\t\t\t\t\t\t\t\t\t\t<\/div>\n\t\t\t\t<\/div>\n\t\t\t\t<div class=\"elementor-element elementor-element-b0804ca elementor-widget elementor-widget-heading\" data-id=\"b0804ca\" data-element_type=\"widget\" data-widget_type=\"heading.default\">\n\t\t\t\t<div class=\"elementor-widget-container\">\n\t\t\t<h2 class=\"elementor-heading-title elementor-size-default\"><span style=\"color: var( --e-global-color-primary ); text-align: var(--text-align);\">Raili Galo-Solovjova<\/span><\/h2>\t\t<\/div>\n\t\t\t\t<\/div>\n\t\t\t\t<div class=\"elementor-element elementor-element-13a1cf6 elementor-widget elementor-widget-heading\" data-id=\"13a1cf6\" data-element_type=\"widget\" data-widget_type=\"heading.default\">\n\t\t\t\t<div class=\"elementor-widget-container\">\n\t\t\t<h2 class=\"elementor-heading-title elementor-size-default\"><span style=\"color: var( --e-global-color-secondary ); font-size: 14px; text-align: var(--text-align);\">RoClinicu m\u00e4nedzer<\/span><span style=\"color: var( --e-global-color-secondary ); text-align: var(--text-align);\"><\/span><br><br><\/h2>\t\t<\/div>\n\t\t\t\t<\/div>\n\t\t\t\t<\/div>\n\t\t\t\t<\/div>\n\t\t<div class=\"elementor-element elementor-element-89b0483 e-con-full e-flex e-con e-child\" data-id=\"89b0483\" data-element_type=\"container\" data-settings=\"{&quot;background_background&quot;:&quot;classic&quot;}\">\n\t\t<div class=\"elementor-element elementor-element-7baf678 e-con-full e-flex e-con e-child\" data-id=\"7baf678\" data-element_type=\"container\" data-settings=\"{&quot;background_background&quot;:&quot;classic&quot;}\">\n\t\t\t\t<div class=\"elementor-element elementor-element-2b90f58 elementor-widget elementor-widget-image\" data-id=\"2b90f58\" data-element_type=\"widget\" data-widget_type=\"image.default\">\n\t\t\t\t<div class=\"elementor-widget-container\">\n\t\t\t\t\t\t\t\t\t\t\t\t\t<img loading=\"lazy\" decoding=\"async\" width=\"2048\" height=\"2560\" src=\"https:\/\/roclinic.ee\/wp-content\/uploads\/2023\/12\/DSC0454-Edit-scaled-1.jpg\" class=\"attachment-full size-full wp-image-302\" alt=\"\" srcset=\"https:\/\/roclinic.ee\/wp-content\/uploads\/2023\/12\/DSC0454-Edit-scaled-1.jpg 2048w, https:\/\/roclinic.ee\/wp-content\/uploads\/2023\/12\/DSC0454-Edit-scaled-1-240x300.jpg 240w, https:\/\/roclinic.ee\/wp-content\/uploads\/2023\/12\/DSC0454-Edit-scaled-1-819x1024.jpg 819w, https:\/\/roclinic.ee\/wp-content\/uploads\/2023\/12\/DSC0454-Edit-scaled-1-768x960.jpg 768w, https:\/\/roclinic.ee\/wp-content\/uploads\/2023\/12\/DSC0454-Edit-scaled-1-1229x1536.jpg 1229w, https:\/\/roclinic.ee\/wp-content\/uploads\/2023\/12\/DSC0454-Edit-scaled-1-1638x2048.jpg 1638w\" sizes=\"(max-width: 2048px) 100vw, 2048px\" \/>\t\t\t\t\t\t\t\t\t\t\t\t\t<\/div>\n\t\t\t\t<\/div>\n\t\t\t\t<div class=\"elementor-element elementor-element-fa94975 elementor-widget elementor-widget-heading\" data-id=\"fa94975\" data-element_type=\"widget\" data-widget_type=\"heading.default\">\n\t\t\t\t<div class=\"elementor-widget-container\">\n\t\t\t<h2 class=\"elementor-heading-title elementor-size-default\"><span style=\"color: var( --e-global-color-primary ); text-align: var(--text-align);\">Irina Jerjomenko<\/span><\/h2>\t\t<\/div>\n\t\t\t\t<\/div>\n\t\t\t\t<div class=\"elementor-element elementor-element-4e848d3 elementor-widget elementor-widget-heading\" data-id=\"4e848d3\" data-element_type=\"widget\" data-widget_type=\"heading.default\">\n\t\t\t\t<div class=\"elementor-widget-container\">\n\t\t\t<h2 class=\"elementor-heading-title elementor-size-default\"><span style=\"color: var( --e-global-color-secondary ); text-align: var(--text-align);\">Raamatupidaja<\/span><\/h2>\t\t<\/div>\n\t\t\t\t<\/div>\n\t\t\t\t<\/div>\n\t\t\t\t<\/div>\n\t\t\t\t\t<\/div>\n\t\t\t\t<\/div>\n\t\t<div class=\"elementor-element elementor-element-39f8244 e-flex e-con-boxed e-con e-parent\" data-id=\"39f8244\" data-element_type=\"container\">\n\t\t\t\t\t<div class=\"e-con-inner\">\n\t\t<div class=\"elementor-element elementor-element-e32fccd e-con-full e-flex e-con e-child\" data-id=\"e32fccd\" data-element_type=\"container\" data-settings=\"{&quot;background_background&quot;:&quot;classic&quot;}\">\n\t\t<div class=\"elementor-element elementor-element-faf337b e-con-full e-flex e-con e-child\" data-id=\"faf337b\" data-element_type=\"container\" data-settings=\"{&quot;background_background&quot;:&quot;classic&quot;}\">\n\t\t\t\t<div class=\"elementor-element elementor-element-8a56c23 elementor-widget elementor-widget-image\" data-id=\"8a56c23\" data-element_type=\"widget\" data-widget_type=\"image.default\">\n\t\t\t\t<div class=\"elementor-widget-container\">\n\t\t\t\t\t\t\t\t\t\t\t\t\t<img loading=\"lazy\" decoding=\"async\" width=\"768\" height=\"955\" src=\"https:\/\/roclinic.ee\/wp-content\/uploads\/2026\/01\/AljonaPletneva-Copy.jpg\" class=\"attachment-full size-full wp-image-1691\" alt=\"\" srcset=\"https:\/\/roclinic.ee\/wp-content\/uploads\/2026\/01\/AljonaPletneva-Copy.jpg 768w, https:\/\/roclinic.ee\/wp-content\/uploads\/2026\/01\/AljonaPletneva-Copy-241x300.jpg 241w\" sizes=\"(max-width: 768px) 100vw, 768px\" \/>\t\t\t\t\t\t\t\t\t\t\t\t\t<\/div>\n\t\t\t\t<\/div>\n\t\t\t\t<div class=\"elementor-element elementor-element-1d1bbed elementor-widget elementor-widget-heading\" data-id=\"1d1bbed\" data-element_type=\"widget\" data-widget_type=\"heading.default\">\n\t\t\t\t<div class=\"elementor-widget-container\">\n\t\t\t<h2 class=\"elementor-heading-title elementor-size-default\"><span style=\"color: var( --e-global-color-primary ); text-align: var(--text-align);\">Aljona Pletnjova<\/span><\/h2>\t\t<\/div>\n\t\t\t\t<\/div>\n\t\t\t\t<div class=\"elementor-element elementor-element-88437a3 elementor-widget elementor-widget-heading\" data-id=\"88437a3\" data-element_type=\"widget\" data-widget_type=\"heading.default\">\n\t\t\t\t<div class=\"elementor-widget-container\">\n\t\t\t<h2 class=\"elementor-heading-title elementor-size-default\"><span style=\"color: var( --e-global-color-secondary ); font-size: 15px; text-align: var(--text-align);\">Toitumisterapeut<\/span><\/h2>\t\t<\/div>\n\t\t\t\t<\/div>\n\t\t\t\t<div class=\"elementor-element elementor-element-4e5045b elementor-widget elementor-widget-text-editor\" data-id=\"4e5045b\" data-element_type=\"widget\" data-widget_type=\"text-editor.default\">\n\t\t\t\t<div class=\"elementor-widget-container\">\n\t\t\t\t\t\t\t<p>Partner Ro-Clinic EST, Toitumisn\u00f5ustaja, Toitumisterapeut, Immuundieetoloog<\/p><div><br><\/div>\t\t\t\t\t\t<\/div>\n\t\t\t\t<\/div>\n\t\t\t\t<\/div>\n\t\t\t\t<\/div>\n\t\t<div class=\"elementor-element elementor-element-8e0ad41 e-con-full e-flex e-con e-child\" data-id=\"8e0ad41\" data-element_type=\"container\" data-settings=\"{&quot;background_background&quot;:&quot;classic&quot;}\">\n\t\t\t\t<div class=\"elementor-element elementor-element-384d7e1 elementor-widget elementor-widget-image\" data-id=\"384d7e1\" data-element_type=\"widget\" data-widget_type=\"image.default\">\n\t\t\t\t<div class=\"elementor-widget-container\">\n\t\t\t\t\t\t\t\t\t\t\t\t\t<img loading=\"lazy\" decoding=\"async\" width=\"2048\" height=\"2560\" src=\"https:\/\/roclinic.ee\/wp-content\/uploads\/2023\/12\/DSC0471-Edit-scaled-1.jpg\" class=\"attachment-full size-full wp-image-303\" alt=\"\" srcset=\"https:\/\/roclinic.ee\/wp-content\/uploads\/2023\/12\/DSC0471-Edit-scaled-1.jpg 2048w, https:\/\/roclinic.ee\/wp-content\/uploads\/2023\/12\/DSC0471-Edit-scaled-1-240x300.jpg 240w, https:\/\/roclinic.ee\/wp-content\/uploads\/2023\/12\/DSC0471-Edit-scaled-1-819x1024.jpg 819w, https:\/\/roclinic.ee\/wp-content\/uploads\/2023\/12\/DSC0471-Edit-scaled-1-768x960.jpg 768w, https:\/\/roclinic.ee\/wp-content\/uploads\/2023\/12\/DSC0471-Edit-scaled-1-1229x1536.jpg 1229w, https:\/\/roclinic.ee\/wp-content\/uploads\/2023\/12\/DSC0471-Edit-scaled-1-1638x2048.jpg 1638w\" sizes=\"(max-width: 2048px) 100vw, 2048px\" \/>\t\t\t\t\t\t\t\t\t\t\t\t\t<\/div>\n\t\t\t\t<\/div>\n\t\t\t\t<div class=\"elementor-element elementor-element-b0e7180 elementor-widget elementor-widget-heading\" data-id=\"b0e7180\" data-element_type=\"widget\" data-widget_type=\"heading.default\">\n\t\t\t\t<div class=\"elementor-widget-container\">\n\t\t\t<h2 class=\"elementor-heading-title elementor-size-default\"><span style=\"color: var( --e-global-color-primary ); text-align: var(--text-align);\">Andrei Dolgiy<\/span><\/h2>\t\t<\/div>\n\t\t\t\t<\/div>\n\t\t\t\t<div class=\"elementor-element elementor-element-451f9d9 elementor-widget elementor-widget-heading\" data-id=\"451f9d9\" data-element_type=\"widget\" data-widget_type=\"heading.default\">\n\t\t\t\t<div class=\"elementor-widget-container\">\n\t\t\t<h2 class=\"elementor-heading-title elementor-size-default\"><span style=\"color: var( --e-global-color-secondary ); font-size: 15px; text-align: var(--text-align);\">IT konsultant<\/span><\/h2>\t\t<\/div>\n\t\t\t\t<\/div>\n\t\t\t\t<div class=\"elementor-element elementor-element-81659c9 elementor-widget elementor-widget-text-editor\" data-id=\"81659c9\" data-element_type=\"widget\" data-widget_type=\"text-editor.default\">\n\t\t\t\t<div class=\"elementor-widget-container\">\n\t\t\t\t\t\t\t<p>Infotehnoloogia valdkonna ekspert.<\/p>\t\t\t\t\t\t<\/div>\n\t\t\t\t<\/div>\n\t\t\t\t<\/div>\n\t\t<div class=\"elementor-element elementor-element-38926dc e-con-full e-flex e-con e-child\" data-id=\"38926dc\" data-element_type=\"container\" data-settings=\"{&quot;background_background&quot;:&quot;classic&quot;}\">\n\t\t<div class=\"elementor-element elementor-element-a953220 e-con-full e-flex e-con e-child\" data-id=\"a953220\" data-element_type=\"container\" data-settings=\"{&quot;background_background&quot;:&quot;classic&quot;}\">\n\t\t\t\t<\/div>\n\t\t\t\t<\/div>\n\t\t\t\t\t<\/div>\n\t\t\t\t<\/div>\n\t\t\t\t<\/div>\n\t\t","protected":false},"excerpt":{"rendered":"<p>Kliinikust Kliiniku spetsialistid Olga Jegers Vanemlaborant, kliiniku juhataja Ro-kliinikus 15-aastase t\u00f6\u00f6kogemusega vanemlaborant, laia profiiliga meditsiini\u00f5de (PERH), onkoloogia- ja hematoloogiakliiniku protseduuri\u00f5de (ambulatoorse keemiaravi kabinet). Olga Nisuorg Toitumisterapeut Rakendusk\u00f5rgharidus (Tartu Tervishoiu K\u00f5rgkool \u00f5e eriala). Tervise\u00f5e koolitus (Tallinna Tervishoiu K\u00f5rgkool). Tubakast loobumise n\u00f5ustajate (TLN) koolitus (Tervise Arengu Instituut). Annely Sootsi Koolituse \u201cToitumisterapeudi \u00f5pe\u201d, mis sisaldab \u201cToitumisn\u00f5ustaja ja Tervisen\u00f5ustaja [&hellip;]<\/p>\n","protected":false},"author":1,"featured_media":0,"parent":0,"menu_order":0,"comment_status":"closed","ping_status":"closed","template":"","meta":{"footnotes":""},"class_list":["post-146","page","type-page","status-publish","hentry"],"_links":{"self":[{"href":"https:\/\/roclinic.ee\/index.php\/wp-json\/wp\/v2\/pages\/146","targetHints":{"allow":["GET"]}}],"collection":[{"href":"https:\/\/roclinic.ee\/index.php\/wp-json\/wp\/v2\/pages"}],"about":[{"href":"https:\/\/roclinic.ee\/index.php\/wp-json\/wp\/v2\/types\/page"}],"author":[{"embeddable":true,"href":"https:\/\/roclinic.ee\/index.php\/wp-json\/wp\/v2\/users\/1"}],"replies":[{"embeddable":true,"href":"https:\/\/roclinic.ee\/index.php\/wp-json\/wp\/v2\/comments?post=146"}],"version-history":[{"count":43,"href":"https:\/\/roclinic.ee\/index.php\/wp-json\/wp\/v2\/pages\/146\/revisions"}],"predecessor-version":[{"id":1697,"href":"https:\/\/roclinic.ee\/index.php\/wp-json\/wp\/v2\/pages\/146\/revisions\/1697"}],"wp:attachment":[{"href":"https:\/\/roclinic.ee\/index.php\/wp-json\/wp\/v2\/media?parent=146"}],"curies":[{"name":"wp","href":"https:\/\/api.w.org\/{rel}","templated":true}]}}