{"id":152,"date":"2023-11-30T15:10:25","date_gmt":"2023-11-30T15:10:25","guid":{"rendered":"https:\/\/roclinic.elevatestaging.host\/?page_id=152"},"modified":"2023-12-22T22:53:13","modified_gmt":"2023-12-22T22:53:13","slug":"meetod","status":"publish","type":"page","link":"https:\/\/roclinic.ee\/index.php\/meetod\/","title":{"rendered":"Meetod"},"content":{"rendered":"\t\t<div data-elementor-type=\"wp-page\" data-elementor-id=\"152\" class=\"elementor elementor-152\" data-elementor-post-type=\"page\">\n\t\t\t\t<div class=\"elementor-element elementor-element-829b1f4 e-flex e-con-boxed e-con e-parent\" data-id=\"829b1f4\" data-element_type=\"container\" data-settings=\"{&quot;background_background&quot;:&quot;classic&quot;}\">\n\t\t\t\t\t<div class=\"e-con-inner\">\n\t\t\t\t<div class=\"elementor-element elementor-element-0c8a046 elementor-widget elementor-widget-heading\" data-id=\"0c8a046\" data-element_type=\"widget\" data-widget_type=\"heading.default\">\n\t\t\t\t<div class=\"elementor-widget-container\">\n\t\t\t<style>\/*! elementor - v3.23.0 - 05-08-2024 *\/\n.elementor-heading-title{padding:0;margin:0;line-height:1}.elementor-widget-heading .elementor-heading-title[class*=elementor-size-]>a{color:inherit;font-size:inherit;line-height:inherit}.elementor-widget-heading .elementor-heading-title.elementor-size-small{font-size:15px}.elementor-widget-heading .elementor-heading-title.elementor-size-medium{font-size:19px}.elementor-widget-heading .elementor-heading-title.elementor-size-large{font-size:29px}.elementor-widget-heading .elementor-heading-title.elementor-size-xl{font-size:39px}.elementor-widget-heading .elementor-heading-title.elementor-size-xxl{font-size:59px}<\/style><h2 class=\"elementor-heading-title elementor-size-default\">Laboratoorne analuus<\/h2>\t\t<\/div>\n\t\t\t\t<\/div>\n\t\t\t\t<div class=\"elementor-element elementor-element-f9e45c2 elementor-widget elementor-widget-heading\" data-id=\"f9e45c2\" data-element_type=\"widget\" data-widget_type=\"heading.default\">\n\t\t\t\t<div class=\"elementor-widget-container\">\n\t\t\t<h2 class=\"elementor-heading-title elementor-size-default\">Meetod<\/h2>\t\t<\/div>\n\t\t\t\t<\/div>\n\t\t\t\t\t<\/div>\n\t\t\t\t<\/div>\n\t\t<div class=\"elementor-element elementor-element-f6e7c86 e-flex e-con-boxed e-con e-parent\" data-id=\"f6e7c86\" data-element_type=\"container\">\n\t\t\t\t\t<div class=\"e-con-inner\">\n\t\t<div class=\"elementor-element elementor-element-3fc7d87 e-flex e-con-boxed e-con e-child\" data-id=\"3fc7d87\" data-element_type=\"container\">\n\t\t\t\t\t<div class=\"e-con-inner\">\n\t\t<div class=\"elementor-element elementor-element-8d27968 e-con-full e-flex e-con e-child\" data-id=\"8d27968\" data-element_type=\"container\">\n\t\t\t\t<div class=\"elementor-element elementor-element-e1fc5ea elementor-widget elementor-widget-heading\" data-id=\"e1fc5ea\" data-element_type=\"widget\" data-widget_type=\"heading.default\">\n\t\t\t\t<div class=\"elementor-widget-container\">\n\t\t\t<h2 class=\"elementor-heading-title elementor-size-default\">RoClinicus kasutame varjatud toidutalumatuse \ndiagnostika patenditud IgG meetodit (ElisaTest)<\/h2>\t\t<\/div>\n\t\t\t\t<\/div>\n\t\t\t\t<div class=\"elementor-element elementor-element-4d98804 elementor-widget elementor-widget-text-editor\" data-id=\"4d98804\" data-element_type=\"widget\" data-widget_type=\"text-editor.default\">\n\t\t\t\t<div class=\"elementor-widget-container\">\n\t\t\t<style>\/*! elementor - v3.23.0 - 05-08-2024 *\/\n.elementor-widget-text-editor.elementor-drop-cap-view-stacked .elementor-drop-cap{background-color:#69727d;color:#fff}.elementor-widget-text-editor.elementor-drop-cap-view-framed .elementor-drop-cap{color:#69727d;border:3px solid;background-color:transparent}.elementor-widget-text-editor:not(.elementor-drop-cap-view-default) .elementor-drop-cap{margin-top:8px}.elementor-widget-text-editor:not(.elementor-drop-cap-view-default) .elementor-drop-cap-letter{width:1em;height:1em}.elementor-widget-text-editor .elementor-drop-cap{float:left;text-align:center;line-height:1;font-size:50px}.elementor-widget-text-editor .elementor-drop-cap-letter{display:inline-block}<\/style>\t\t\t\t<p>Erinevalt allergoloogiast, mis tegeleb formaalselt ainult haigete inimeste, allergikutega, kasutame me testi (ELISA IgG) koos programmiga ROLE\u2122 t\u00e4iesti tervetel inimestel. Seejuures on testi tulemustel ennetav iseloom, mis lubab tervel inimesel oma men\u00fc\u00fcst v\u00e4lja j\u00e4tta toiduained, mis kutsuvad esile tema immuuns\u00fcsteemi patoloogilise reaktsiooni kuni \u00fclitundlikkuse tekkimiseni, mis viib potentsiaalselt organismi haigestumiseni.<\/p>\t\t\t\t\t\t<\/div>\n\t\t\t\t<\/div>\n\t\t\t\t<\/div>\n\t\t<div class=\"elementor-element elementor-element-e53d5e9 e-flex e-con-boxed e-con e-child\" data-id=\"e53d5e9\" data-element_type=\"container\">\n\t\t\t\t\t<div class=\"e-con-inner\">\n\t\t\t\t<div class=\"elementor-element elementor-element-5cb567e elementor-widget elementor-widget-image\" data-id=\"5cb567e\" data-element_type=\"widget\" data-widget_type=\"image.default\">\n\t\t\t\t<div class=\"elementor-widget-container\">\n\t\t\t<style>\/*! elementor - v3.23.0 - 05-08-2024 *\/\n.elementor-widget-image{text-align:center}.elementor-widget-image a{display:inline-block}.elementor-widget-image a img[src$=\".svg\"]{width:48px}.elementor-widget-image img{vertical-align:middle;display:inline-block}<\/style>\t\t\t\t\t\t\t\t\t\t<img fetchpriority=\"high\" decoding=\"async\" width=\"385\" height=\"215\" src=\"https:\/\/roclinic.ee\/wp-content\/uploads\/2023\/11\/NoPath-Copy-7.png\" class=\"attachment-full size-full wp-image-259\" alt=\"\" srcset=\"https:\/\/roclinic.ee\/wp-content\/uploads\/2023\/11\/NoPath-Copy-7.png 385w, https:\/\/roclinic.ee\/wp-content\/uploads\/2023\/11\/NoPath-Copy-7-300x168.png 300w\" sizes=\"(max-width: 385px) 100vw, 385px\" \/>\t\t\t\t\t\t\t\t\t\t\t\t\t<\/div>\n\t\t\t\t<\/div>\n\t\t\t\t\t<\/div>\n\t\t\t\t<\/div>\n\t\t\t\t\t<\/div>\n\t\t\t\t<\/div>\n\t\t\t\t\t<\/div>\n\t\t\t\t<\/div>\n\t\t<div class=\"elementor-element elementor-element-4c93556 e-flex e-con-boxed e-con e-parent\" data-id=\"4c93556\" data-element_type=\"container\">\n\t\t\t\t\t<div class=\"e-con-inner\">\n\t\t<div class=\"elementor-element elementor-element-1f747fe e-flex e-con-boxed e-con e-child\" data-id=\"1f747fe\" data-element_type=\"container\">\n\t\t\t\t\t<div class=\"e-con-inner\">\n\t\t<div class=\"elementor-element elementor-element-7c64405 e-con-full e-flex e-con e-child\" data-id=\"7c64405\" data-element_type=\"container\">\n\t\t\t\t<div class=\"elementor-element elementor-element-6ab38a1 elementor-widget elementor-widget-heading\" data-id=\"6ab38a1\" data-element_type=\"widget\" data-widget_type=\"heading.default\">\n\t\t\t\t<div class=\"elementor-widget-container\">\n\t\t\t<h2 class=\"elementor-heading-title elementor-size-default\">P\u00f5hjalikumalt meetodi kohta<\/h2>\t\t<\/div>\n\t\t\t\t<\/div>\n\t\t\t\t<div class=\"elementor-element elementor-element-00d4f82 elementor-widget elementor-widget-text-editor\" data-id=\"00d4f82\" data-element_type=\"widget\" data-widget_type=\"text-editor.default\">\n\t\t\t\t<div class=\"elementor-widget-container\">\n\t\t\t\t\t\t\t<p>Kasutades metoodikat oma praktikas, t\u00e4heldatakse p\u00fcsivat positiivset kliinilist toimet s\u00fcsteemse p\u00f5letiku n\u00e4itajate (SR, leukots\u00fc\u00fcdid, CRV jne) kontrolli alla saamisega. Patogeneetiliselt v\u00e4ljendub see toime koormuse v\u00e4henemisena efektoorsetele immuunreaktsioonidele, mis on suunatud p\u00f5hjustavate toiduantigeenide k\u00f5rvaldamisele. See saavutatakse \u201enormaalse-anomaalse\u201c kriteeriumi j\u00e4rgi v\u00e4lja t\u00f6\u00f6tatud eliminatsioonidieedi j\u00e4rgimisega. V\u00e4ljapakutud metoodika annab erineva profiiliga spetsialistidele instrumendi, mis v\u00f5imaldab kasutada p\u00f5hjuseks olevate toiduantigeenide tuvastamist ja k\u00f5rvaldamist mitteinfektsioossete krooniliste haiguste prof\u00fclaktikas.<\/p><p>See on eriti t\u00e4htis patsientide jaoks, kellel esinevad s\u00fcsteemse p\u00f5letiku n\u00e4hud, paljude mitteinfektsioossete haiguste patogeneesi, nagu metaboolne s\u00fcndroom, rasvumise prof\u00fclaktika, t\u00e4nap\u00e4evaste intestinaalsete-enteropaatiliste h\u00e4irete ja autoinflammatoorsete s\u00fcndroomida jaoks. Samal ajal v\u00f5imaldab metoodika m\u00e4\u00e4rata tervetel inimestel immuuns\u00fcsteemi seisundi ja seedes\u00fcsteemi adaptatsiooni astme \u00fcmbritseva toidukeskkonna toiduantigeenide suhtes.<\/p><p>\u00d5igesti tehtud mitmekomponentne immunoens\u00fc\u00fcmanal\u00fc\u00fcs (ELISA IgG) toiduantigeenide jaoks spetsiifiliste G-klassi immunoglobuliinide (IgG) suhtes n\u00e4itab t\u00e4pselt spetsiifiliste antikehade kontsentratsiooni, mis on inimese immuuns\u00fcsteemi (terve v\u00f5i haige) vastastikuse toime v\u00e4ljenduseks iga toiduantigeeni jaoks testitavate antigeenide eelnevast valikust.<\/p><p>Tehtud uuringute tulemused lubavad j\u00e4reldada, et uus suund IMMUNODIETOLOOGIA, mis p\u00f5hineb mitmekomponentse testi (ELISA IgG) \u00f5igel kasutamisel toiduantigeenide suhtes, on t\u00e4nap\u00e4evase dietoloogia perspektiivne suund, milles f\u00fc\u00fcsiliselt korrektselt arvestatakse organismi immuuns\u00fcsteemi individuaalseid reaktsioone toiduantigeenide esinduslikule valikule.<\/p><p>T\u00e4psemalt artiklis \u201e\u041d\u0430\u0443\u0447\u043d\u043e\u0435 \u0440\u0430\u0441\u0441\u043b\u0435\u0434\u043e\u0432\u0430\u043d\u0438\u0435\u201c. \u0420\u043e\u0437\u0435\u043d\u0448\u0442\u0435\u0439\u043d, \u0410. \u0417., \u0414\u043e\u043a\u0442\u043e\u0440 \u0444\u0438\u0437\u0438\u043a\u043e-\u043c\u0430\u0442\u0435\u043c\u0430\u0442\u0438\u0447\u0435\u0441\u043a\u0438\u0445 \u043d\u0430\u0443\u043a, Immunohealth Int. (\u0421\u0428\u0410); \u0427\u0435\u0440\u0435\u0432\u043a\u043e, \u041d. \u0410., \u041f\u0440\u043e\u0444\u0435\u0441\u0441\u043e\u0440, \u0434\u043e\u043a\u0442\u043e\u0440 \u043c\u0435\u0434\u0438\u0446\u0438\u043d\u0441\u043a\u0438\u0445 \u043d\u0430\u0443\u043a, \u0421\u0438\u0431\u0413\u041c\u0423 (\u0420\u0424); \u041a\u043e\u043d\u0434\u0430\u043a\u043e\u0432, \u0421. \u042d., \u041f\u0440\u043e\u0444\u0435\u0441\u0441\u043e\u0440, \u0434\u043e\u043a\u0442\u043e\u0440 \u0444\u0430\u0440\u043c\u0430\u0446\u0435\u0432\u0442\u0438\u0447\u0435\u0441\u043a\u0438\u0445 \u043d\u0430\u0443\u043a, \u041c\u0413\u0423 \u0438\u043c. \u041c. \u0412. \u041b\u043e\u043c\u043e\u043d\u043e\u0441\u043e\u0432\u0430 (\u0420\u0424)<\/p>\t\t\t\t\t\t<\/div>\n\t\t\t\t<\/div>\n\t\t\t\t<\/div>\n\t\t\t\t\t<\/div>\n\t\t\t\t<\/div>\n\t\t\t\t\t<\/div>\n\t\t\t\t<\/div>\n\t\t<div class=\"elementor-element elementor-element-1ce567b e-flex e-con-boxed e-con e-parent\" data-id=\"1ce567b\" data-element_type=\"container\">\n\t\t\t\t\t<div class=\"e-con-inner\">\n\t\t<div class=\"elementor-element elementor-element-ca29351 e-flex e-con-boxed e-con e-child\" data-id=\"ca29351\" data-element_type=\"container\">\n\t\t\t\t\t<div class=\"e-con-inner\">\n\t\t<div class=\"elementor-element elementor-element-86a5aea e-con-full e-flex e-con e-child\" data-id=\"86a5aea\" data-element_type=\"container\">\n\t\t\t\t<div class=\"elementor-element elementor-element-03ac3a9 elementor-widget elementor-widget-heading\" data-id=\"03ac3a9\" data-element_type=\"widget\" data-widget_type=\"heading.default\">\n\t\t\t\t<div class=\"elementor-widget-container\">\n\t\t\t<h2 class=\"elementor-heading-title elementor-size-default\">Ro-Clinic EST-i peamised erinevused teistest sarnastest laboratoorsetest uuringutest<\/h2>\t\t<\/div>\n\t\t\t\t<\/div>\n\t\t\t\t<div class=\"elementor-element elementor-element-2f682f5 elementor-widget elementor-widget-text-editor\" data-id=\"2f682f5\" data-element_type=\"widget\" data-widget_type=\"text-editor.default\">\n\t\t\t\t<div class=\"elementor-widget-container\">\n\t\t\t\t\t\t\t<p>Me p\u00fc\u00fcdsime neid erinevusi s\u00f5nastada j\u00e4rgnevas 5 punktis.<\/p>\t\t\t\t\t\t<\/div>\n\t\t\t\t<\/div>\n\t\t\t\t<\/div>\n\t\t\t\t\t<\/div>\n\t\t\t\t<\/div>\n\t\t\t\t\t<\/div>\n\t\t\t\t<\/div>\n\t\t<div class=\"elementor-element elementor-element-62d2a61 e-flex e-con-boxed e-con e-parent\" data-id=\"62d2a61\" data-element_type=\"container\">\n\t\t\t\t\t<div class=\"e-con-inner\">\n\t\t<div class=\"elementor-element elementor-element-4bed2a5 e-con-full e-flex e-con e-child\" data-id=\"4bed2a5\" data-element_type=\"container\" data-settings=\"{&quot;background_background&quot;:&quot;classic&quot;}\">\n\t\t\t\t<div class=\"elementor-element elementor-element-1eb2f56 elementor-view-default elementor-widget elementor-widget-icon\" data-id=\"1eb2f56\" data-element_type=\"widget\" data-widget_type=\"icon.default\">\n\t\t\t\t<div class=\"elementor-widget-container\">\n\t\t\t\t\t<div class=\"elementor-icon-wrapper\">\n\t\t\t<div class=\"elementor-icon\">\n\t\t\t<svg aria-hidden=\"true\" class=\"e-font-icon-svg e-fas-check-circle\" viewBox=\"0 0 512 512\" xmlns=\"http:\/\/www.w3.org\/2000\/svg\"><path d=\"M504 256c0 136.967-111.033 248-248 248S8 392.967 8 256 119.033 8 256 8s248 111.033 248 248zM227.314 387.314l184-184c6.248-6.248 6.248-16.379 0-22.627l-22.627-22.627c-6.248-6.249-16.379-6.249-22.628 0L216 308.118l-70.059-70.059c-6.248-6.248-16.379-6.248-22.628 0l-22.627 22.627c-6.248 6.248-6.248 16.379 0 22.627l104 104c6.249 6.249 16.379 6.249 22.628.001z\"><\/path><\/svg>\t\t\t<\/div>\n\t\t<\/div>\n\t\t\t\t<\/div>\n\t\t\t\t<\/div>\n\t\t\t\t<div class=\"elementor-element elementor-element-a26198c elementor-widget elementor-widget-heading\" data-id=\"a26198c\" data-element_type=\"widget\" data-widget_type=\"heading.default\">\n\t\t\t\t<div class=\"elementor-widget-container\">\n\t\t\t<h2 class=\"elementor-heading-title elementor-size-default\">\u21161<\/h2>\t\t<\/div>\n\t\t\t\t<\/div>\n\t\t\t\t<div class=\"elementor-element elementor-element-7f3c616 elementor-widget elementor-widget-text-editor\" data-id=\"7f3c616\" data-element_type=\"widget\" data-widget_type=\"text-editor.default\">\n\t\t\t\t<div class=\"elementor-widget-container\">\n\t\t\t\t\t\t\t<p>Ro-Clinic EST-is kasutatakse patenditud\u00a0<u>korrektset IgG (Elisa test) anal\u00fc\u00fcside t\u00f6\u00f6tlemist<\/u>, mis v\u00f5imaldab 100%-l juhtudest \u00f5igesti m\u00e4\u00e4rata toiduainete vahelist piiri agonistide ja antagonistidena. See tagab osaliselt toitumisprogrammi ROLE\u2122 toime positiivse tulemuse 86\u201390%-l kliinilistest juhtudest. T\u00e4iesti uue l\u00e4henemise kasutamine andmete valimisele v\u00f5imaldab olulisel m\u00e4\u00e4ral v\u00e4hendada testimisvigu, mis on seotud lubatud ja keelatud toiduainete vale m\u00e4\u00e4ramisega. L\u00f5puks viib selline l\u00e4henemine programmi ROLE\u2122 soodsate ravitulemustega patsientide protsendi m\u00e4rkimisv\u00e4\u00e4rsele suurenemisele.<\/p>\t\t\t\t\t\t<\/div>\n\t\t\t\t<\/div>\n\t\t\t\t<\/div>\n\t\t<div class=\"elementor-element elementor-element-5c1ec64 e-con-full e-flex e-con e-child\" data-id=\"5c1ec64\" data-element_type=\"container\" data-settings=\"{&quot;background_background&quot;:&quot;classic&quot;}\">\n\t\t\t\t<div class=\"elementor-element elementor-element-58f947f elementor-view-default elementor-widget elementor-widget-icon\" data-id=\"58f947f\" data-element_type=\"widget\" data-widget_type=\"icon.default\">\n\t\t\t\t<div class=\"elementor-widget-container\">\n\t\t\t\t\t<div class=\"elementor-icon-wrapper\">\n\t\t\t<div class=\"elementor-icon\">\n\t\t\t<svg aria-hidden=\"true\" class=\"e-font-icon-svg e-fas-check-circle\" viewBox=\"0 0 512 512\" xmlns=\"http:\/\/www.w3.org\/2000\/svg\"><path d=\"M504 256c0 136.967-111.033 248-248 248S8 392.967 8 256 119.033 8 256 8s248 111.033 248 248zM227.314 387.314l184-184c6.248-6.248 6.248-16.379 0-22.627l-22.627-22.627c-6.248-6.249-16.379-6.249-22.628 0L216 308.118l-70.059-70.059c-6.248-6.248-16.379-6.248-22.628 0l-22.627 22.627c-6.248 6.248-6.248 16.379 0 22.627l104 104c6.249 6.249 16.379 6.249 22.628.001z\"><\/path><\/svg>\t\t\t<\/div>\n\t\t<\/div>\n\t\t\t\t<\/div>\n\t\t\t\t<\/div>\n\t\t\t\t<div class=\"elementor-element elementor-element-bcf0f7c elementor-widget elementor-widget-heading\" data-id=\"bcf0f7c\" data-element_type=\"widget\" data-widget_type=\"heading.default\">\n\t\t\t\t<div class=\"elementor-widget-container\">\n\t\t\t<h2 class=\"elementor-heading-title elementor-size-default\">\u21162<\/h2>\t\t<\/div>\n\t\t\t\t<\/div>\n\t\t\t\t<div class=\"elementor-element elementor-element-789bc86 elementor-widget elementor-widget-text-editor\" data-id=\"789bc86\" data-element_type=\"widget\" data-widget_type=\"text-editor.default\">\n\t\t\t\t<div class=\"elementor-widget-container\">\n\t\t\t\t\t\t\t<p>Erinevalt k\u00f5igist teistest laboritest m\u00e4\u00e4rame oma meetodis mitte eraldi toiduaineid-antagoniste, vaid toiduainete-antagonistide klastreid, mis n\u00e4itavad teatud t\u00fc\u00fcpi talumatuse olemasolu v\u00f5i puudumist. Meetodis lihtsalt ei eemaldata men\u00fc\u00fcst mehaaniliselt eraldi toiduaineid-antagoniste, vaid neid vaadeldakse kui teatud t\u00fc\u00fcpi toidutalumatuse MARKEREID. See t\u00e4hendab, et teatud toiduainete olemasolu \u201epunases nimekirjas\u201c n\u00e4itab meile teatud \u201el\u00e4bivate\u201c antigeenide talumatust, mis sisalduvad ka teistes toiduainetes, mis tuleb samuti men\u00fc\u00fcst eemaldada, isegi kui need l\u00e4bisid testimise. Sel moel v\u00f5ib punaste viinamarjade, kirsside ja j\u00f5hvikate talumatus viidata tanniini talumatusele. See t\u00e4hendab, et men\u00fc\u00fcst tuleb eemaldada tee, granaat\u00f5unad, ploomid, hurmaa jms. Sel moel v\u00f5ib programmis ROLE\u2122 antud patsiendi jaoks keelatud toiduainete nimekiri olla suurel m\u00e4\u00e4ral ulatuslikum kui \u201epunane nimekiri\u201c, mis m\u00e4\u00e4ratakse testiga. Selline l\u00e4henemine lubab v\u00e4listada v\u00f5imalikud allergeensed toiduained patsiendi men\u00fc\u00fcst ka testitud toiduainete piiratud nimekirja alusel.<\/p>\t\t\t\t\t\t<\/div>\n\t\t\t\t<\/div>\n\t\t\t\t<\/div>\n\t\t\t\t\t<\/div>\n\t\t\t\t<\/div>\n\t\t<div class=\"elementor-element elementor-element-e956070 e-flex e-con-boxed e-con e-parent\" data-id=\"e956070\" data-element_type=\"container\">\n\t\t\t\t\t<div class=\"e-con-inner\">\n\t\t<div class=\"elementor-element elementor-element-1cb0d5c e-con-full e-flex e-con e-child\" data-id=\"1cb0d5c\" data-element_type=\"container\" data-settings=\"{&quot;background_background&quot;:&quot;classic&quot;}\">\n\t\t\t\t<div class=\"elementor-element elementor-element-05983de elementor-view-default elementor-widget elementor-widget-icon\" data-id=\"05983de\" data-element_type=\"widget\" data-widget_type=\"icon.default\">\n\t\t\t\t<div class=\"elementor-widget-container\">\n\t\t\t\t\t<div class=\"elementor-icon-wrapper\">\n\t\t\t<div class=\"elementor-icon\">\n\t\t\t<svg aria-hidden=\"true\" class=\"e-font-icon-svg e-fas-check-circle\" viewBox=\"0 0 512 512\" xmlns=\"http:\/\/www.w3.org\/2000\/svg\"><path d=\"M504 256c0 136.967-111.033 248-248 248S8 392.967 8 256 119.033 8 256 8s248 111.033 248 248zM227.314 387.314l184-184c6.248-6.248 6.248-16.379 0-22.627l-22.627-22.627c-6.248-6.249-16.379-6.249-22.628 0L216 308.118l-70.059-70.059c-6.248-6.248-16.379-6.248-22.628 0l-22.627 22.627c-6.248 6.248-6.248 16.379 0 22.627l104 104c6.249 6.249 16.379 6.249 22.628.001z\"><\/path><\/svg>\t\t\t<\/div>\n\t\t<\/div>\n\t\t\t\t<\/div>\n\t\t\t\t<\/div>\n\t\t\t\t<div class=\"elementor-element elementor-element-8912852 elementor-widget elementor-widget-heading\" data-id=\"8912852\" data-element_type=\"widget\" data-widget_type=\"heading.default\">\n\t\t\t\t<div class=\"elementor-widget-container\">\n\t\t\t<h2 class=\"elementor-heading-title elementor-size-default\">\u21163<\/h2>\t\t<\/div>\n\t\t\t\t<\/div>\n\t\t\t\t<div class=\"elementor-element elementor-element-5f5b33a elementor-widget elementor-widget-text-editor\" data-id=\"5f5b33a\" data-element_type=\"widget\" data-widget_type=\"text-editor.default\">\n\t\t\t\t<div class=\"elementor-widget-container\">\n\t\t\t\t\t\t\t<p>Programm ROLE\u2122 on hariv programm, mis sisaldab harivat dietoloogilist ja kulinaarset osa, kuid n\u00e4eb ette ka interaktiivse \u00fchenduse patsiendi ja konsultandi vahel pikaajalise (3\u20134 kuud) perioodi jooksul. Programm ROLE\u2122 ei ole ajutine dieet. See n\u00e4eb ette eluviisi l\u00e4hendamise inimese jaoks k\u00f5ige optimaalsemale ja sellele vastavale kohalikule toidukeskkonnale.<\/p>\t\t\t\t\t\t<\/div>\n\t\t\t\t<\/div>\n\t\t\t\t<\/div>\n\t\t<div class=\"elementor-element elementor-element-e6d5fa6 e-con-full e-flex e-con e-child\" data-id=\"e6d5fa6\" data-element_type=\"container\" data-settings=\"{&quot;background_background&quot;:&quot;classic&quot;}\">\n\t\t\t\t<div class=\"elementor-element elementor-element-e5ca8eb elementor-view-default elementor-widget elementor-widget-icon\" data-id=\"e5ca8eb\" data-element_type=\"widget\" data-widget_type=\"icon.default\">\n\t\t\t\t<div class=\"elementor-widget-container\">\n\t\t\t\t\t<div class=\"elementor-icon-wrapper\">\n\t\t\t<div class=\"elementor-icon\">\n\t\t\t<svg aria-hidden=\"true\" class=\"e-font-icon-svg e-fas-check-circle\" viewBox=\"0 0 512 512\" xmlns=\"http:\/\/www.w3.org\/2000\/svg\"><path d=\"M504 256c0 136.967-111.033 248-248 248S8 392.967 8 256 119.033 8 256 8s248 111.033 248 248zM227.314 387.314l184-184c6.248-6.248 6.248-16.379 0-22.627l-22.627-22.627c-6.248-6.249-16.379-6.249-22.628 0L216 308.118l-70.059-70.059c-6.248-6.248-16.379-6.248-22.628 0l-22.627 22.627c-6.248 6.248-6.248 16.379 0 22.627l104 104c6.249 6.249 16.379 6.249 22.628.001z\"><\/path><\/svg>\t\t\t<\/div>\n\t\t<\/div>\n\t\t\t\t<\/div>\n\t\t\t\t<\/div>\n\t\t\t\t<div class=\"elementor-element elementor-element-9abbc33 elementor-widget elementor-widget-heading\" data-id=\"9abbc33\" data-element_type=\"widget\" data-widget_type=\"heading.default\">\n\t\t\t\t<div class=\"elementor-widget-container\">\n\t\t\t<h2 class=\"elementor-heading-title elementor-size-default\">\u21164<\/h2>\t\t<\/div>\n\t\t\t\t<\/div>\n\t\t\t\t<div class=\"elementor-element elementor-element-121422d elementor-widget elementor-widget-text-editor\" data-id=\"121422d\" data-element_type=\"widget\" data-widget_type=\"text-editor.default\">\n\t\t\t\t<div class=\"elementor-widget-container\">\n\t\t\t\t\t\t\t<p>Programm ROLE\u2122 ei ole seotud kalorite arvestamisega ega teatud toitainete standardsete piirangutega. Samuti ei n\u00e4e programm ette n\u00e4lgimist ega toidutarbimise mahu ja aja standardseid piiranguid.<\/p>\t\t\t\t\t\t<\/div>\n\t\t\t\t<\/div>\n\t\t\t\t<\/div>\n\t\t\t\t\t<\/div>\n\t\t\t\t<\/div>\n\t\t<div class=\"elementor-element elementor-element-d38035c e-flex e-con-boxed e-con e-parent\" data-id=\"d38035c\" data-element_type=\"container\">\n\t\t\t\t\t<div class=\"e-con-inner\">\n\t\t<div class=\"elementor-element elementor-element-a9f8d2c e-con-full e-flex e-con e-child\" data-id=\"a9f8d2c\" data-element_type=\"container\" data-settings=\"{&quot;background_background&quot;:&quot;classic&quot;}\">\n\t\t\t\t<div class=\"elementor-element elementor-element-d40bcb5 elementor-view-default elementor-widget elementor-widget-icon\" data-id=\"d40bcb5\" data-element_type=\"widget\" data-widget_type=\"icon.default\">\n\t\t\t\t<div class=\"elementor-widget-container\">\n\t\t\t\t\t<div class=\"elementor-icon-wrapper\">\n\t\t\t<div class=\"elementor-icon\">\n\t\t\t<svg aria-hidden=\"true\" class=\"e-font-icon-svg e-fas-check-circle\" viewBox=\"0 0 512 512\" xmlns=\"http:\/\/www.w3.org\/2000\/svg\"><path d=\"M504 256c0 136.967-111.033 248-248 248S8 392.967 8 256 119.033 8 256 8s248 111.033 248 248zM227.314 387.314l184-184c6.248-6.248 6.248-16.379 0-22.627l-22.627-22.627c-6.248-6.249-16.379-6.249-22.628 0L216 308.118l-70.059-70.059c-6.248-6.248-16.379-6.248-22.628 0l-22.627 22.627c-6.248 6.248-6.248 16.379 0 22.627l104 104c6.249 6.249 16.379 6.249 22.628.001z\"><\/path><\/svg>\t\t\t<\/div>\n\t\t<\/div>\n\t\t\t\t<\/div>\n\t\t\t\t<\/div>\n\t\t\t\t<div class=\"elementor-element elementor-element-6ee22e2 elementor-widget elementor-widget-heading\" data-id=\"6ee22e2\" data-element_type=\"widget\" data-widget_type=\"heading.default\">\n\t\t\t\t<div class=\"elementor-widget-container\">\n\t\t\t<h2 class=\"elementor-heading-title elementor-size-default\">\u21165<\/h2>\t\t<\/div>\n\t\t\t\t<\/div>\n\t\t\t\t<div class=\"elementor-element elementor-element-f834608 elementor-widget elementor-widget-text-editor\" data-id=\"f834608\" data-element_type=\"widget\" data-widget_type=\"text-editor.default\">\n\t\t\t\t<div class=\"elementor-widget-container\">\n\t\t\t\t\t\t\t<p>Programm ROLE\u2122 ei ole seotud kalorite arvestamisega ega teatud toitainete standardsete piirangutega. Samuti ei n\u00e4e programm ette n\u00e4lgimist ega toidutarbimise mahu ja aja standardseid piiranguid.<\/p>\t\t\t\t\t\t<\/div>\n\t\t\t\t<\/div>\n\t\t\t\t<\/div>\n\t\t<div class=\"elementor-element elementor-element-43c5a5a e-con-full e-flex e-con e-child\" data-id=\"43c5a5a\" data-element_type=\"container\" data-settings=\"{&quot;background_background&quot;:&quot;classic&quot;}\">\n\t\t\t\t<\/div>\n\t\t\t\t\t<\/div>\n\t\t\t\t<\/div>\n\t\t\t\t<\/div>\n\t\t","protected":false},"excerpt":{"rendered":"<p>Laboratoorne analuus Meetod RoClinicus kasutame varjatud toidutalumatuse diagnostika patenditud IgG meetodit (ElisaTest) Erinevalt allergoloogiast, mis tegeleb formaalselt ainult haigete inimeste, allergikutega, kasutame me testi (ELISA IgG) koos programmiga ROLE\u2122 t\u00e4iesti tervetel inimestel. Seejuures on testi tulemustel ennetav iseloom, mis lubab tervel inimesel oma men\u00fc\u00fcst v\u00e4lja j\u00e4tta toiduained, mis kutsuvad esile tema immuuns\u00fcsteemi patoloogilise reaktsiooni kuni [&hellip;]<\/p>\n","protected":false},"author":1,"featured_media":0,"parent":0,"menu_order":0,"comment_status":"closed","ping_status":"closed","template":"","meta":{"footnotes":""},"class_list":["post-152","page","type-page","status-publish","hentry"],"_links":{"self":[{"href":"https:\/\/roclinic.ee\/index.php\/wp-json\/wp\/v2\/pages\/152","targetHints":{"allow":["GET"]}}],"collection":[{"href":"https:\/\/roclinic.ee\/index.php\/wp-json\/wp\/v2\/pages"}],"about":[{"href":"https:\/\/roclinic.ee\/index.php\/wp-json\/wp\/v2\/types\/page"}],"author":[{"embeddable":true,"href":"https:\/\/roclinic.ee\/index.php\/wp-json\/wp\/v2\/users\/1"}],"replies":[{"embeddable":true,"href":"https:\/\/roclinic.ee\/index.php\/wp-json\/wp\/v2\/comments?post=152"}],"version-history":[{"count":13,"href":"https:\/\/roclinic.ee\/index.php\/wp-json\/wp\/v2\/pages\/152\/revisions"}],"predecessor-version":[{"id":468,"href":"https:\/\/roclinic.ee\/index.php\/wp-json\/wp\/v2\/pages\/152\/revisions\/468"}],"wp:attachment":[{"href":"https:\/\/roclinic.ee\/index.php\/wp-json\/wp\/v2\/media?parent=152"}],"curies":[{"name":"wp","href":"https:\/\/api.w.org\/{rel}","templated":true}]}}