{"id":156,"date":"2023-11-30T15:10:35","date_gmt":"2023-11-30T15:10:35","guid":{"rendered":"https:\/\/roclinic.elevatestaging.host\/?page_id=156"},"modified":"2023-12-22T22:55:15","modified_gmt":"2023-12-22T22:55:15","slug":"toiduallergia","status":"publish","type":"page","link":"https:\/\/roclinic.ee\/index.php\/toiduallergia\/","title":{"rendered":"Toiduallergia"},"content":{"rendered":"\t\t<div data-elementor-type=\"wp-page\" data-elementor-id=\"156\" class=\"elementor elementor-156\" data-elementor-post-type=\"page\">\n\t\t\t\t<div class=\"elementor-element elementor-element-641309b e-flex e-con-boxed e-con e-parent\" data-id=\"641309b\" data-element_type=\"container\" data-settings=\"{&quot;background_background&quot;:&quot;classic&quot;}\">\n\t\t\t\t\t<div class=\"e-con-inner\">\n\t\t\t\t<div class=\"elementor-element elementor-element-1218c9b elementor-widget elementor-widget-heading\" data-id=\"1218c9b\" data-element_type=\"widget\" data-widget_type=\"heading.default\">\n\t\t\t\t<div class=\"elementor-widget-container\">\n\t\t\t<style>\/*! elementor - v3.23.0 - 05-08-2024 *\/\n.elementor-heading-title{padding:0;margin:0;line-height:1}.elementor-widget-heading .elementor-heading-title[class*=elementor-size-]>a{color:inherit;font-size:inherit;line-height:inherit}.elementor-widget-heading .elementor-heading-title.elementor-size-small{font-size:15px}.elementor-widget-heading .elementor-heading-title.elementor-size-medium{font-size:19px}.elementor-widget-heading .elementor-heading-title.elementor-size-large{font-size:29px}.elementor-widget-heading .elementor-heading-title.elementor-size-xl{font-size:39px}.elementor-widget-heading .elementor-heading-title.elementor-size-xxl{font-size:59px}<\/style><h2 class=\"elementor-heading-title elementor-size-default\">Laboratoorne analuus<\/h2>\t\t<\/div>\n\t\t\t\t<\/div>\n\t\t\t\t<div class=\"elementor-element elementor-element-0ecab2f elementor-widget elementor-widget-heading\" data-id=\"0ecab2f\" data-element_type=\"widget\" data-widget_type=\"heading.default\">\n\t\t\t\t<div class=\"elementor-widget-container\">\n\t\t\t<h2 class=\"elementor-heading-title elementor-size-default\">IgE toiduallergia<\/h2>\t\t<\/div>\n\t\t\t\t<\/div>\n\t\t\t\t\t<\/div>\n\t\t\t\t<\/div>\n\t\t<div class=\"elementor-element elementor-element-321fbb5 e-flex e-con-boxed e-con e-parent\" data-id=\"321fbb5\" data-element_type=\"container\">\n\t\t\t\t\t<div class=\"e-con-inner\">\n\t\t<div class=\"elementor-element elementor-element-a2b1460 e-flex e-con-boxed e-con e-child\" data-id=\"a2b1460\" data-element_type=\"container\">\n\t\t\t\t\t<div class=\"e-con-inner\">\n\t\t<div class=\"elementor-element elementor-element-d9697e9 e-con-full e-flex e-con e-child\" data-id=\"d9697e9\" data-element_type=\"container\">\n\t\t\t\t<div class=\"elementor-element elementor-element-5cb4844 elementor-widget elementor-widget-heading\" data-id=\"5cb4844\" data-element_type=\"widget\" data-widget_type=\"heading.default\">\n\t\t\t\t<div class=\"elementor-widget-container\">\n\t\t\t<h2 class=\"elementor-heading-title elementor-size-default\">Klassikaline IgE toiduallergia<\/h2>\t\t<\/div>\n\t\t\t\t<\/div>\n\t\t\t\t<div class=\"elementor-element elementor-element-1de06b3 elementor-widget elementor-widget-text-editor\" data-id=\"1de06b3\" data-element_type=\"widget\" data-widget_type=\"text-editor.default\">\n\t\t\t\t<div class=\"elementor-widget-container\">\n\t\t\t<style>\/*! elementor - v3.23.0 - 05-08-2024 *\/\n.elementor-widget-text-editor.elementor-drop-cap-view-stacked .elementor-drop-cap{background-color:#69727d;color:#fff}.elementor-widget-text-editor.elementor-drop-cap-view-framed .elementor-drop-cap{color:#69727d;border:3px solid;background-color:transparent}.elementor-widget-text-editor:not(.elementor-drop-cap-view-default) .elementor-drop-cap{margin-top:8px}.elementor-widget-text-editor:not(.elementor-drop-cap-view-default) .elementor-drop-cap-letter{width:1em;height:1em}.elementor-widget-text-editor .elementor-drop-cap{float:left;text-align:center;line-height:1;font-size:50px}.elementor-widget-text-editor .elementor-drop-cap-letter{display:inline-block}<\/style>\t\t\t\t<p>Klassikaline I t\u00fc\u00fcpi allergia on siis, kui immuuns\u00fcsteem toodab spetsiifilisi IgE antikehi (alaklassi E immunoglobuliinid). Need antikehad p\u00f5hjustavad kohest allergilist reaktsiooni. S\u00fcmptomid ilmnevad m\u00f5ne sekundi v\u00f5i minuti jooksul: tugev turse, hingamisraskused, l\u00f6\u00f6ve, naha s\u00fcgelemine v\u00f5i isegi anaf\u00fclaktiline \u0161okk.<\/p><p>Inimene, kellel on I t\u00fc\u00fcpi allergia, teab t\u00f5en\u00e4oliselt, milline toit p\u00f5hjustab probleeme, sest s\u00fcmptomid ilmnevad kohe. Seet\u00f5ttu pole sellist t\u00fc\u00fcpi allergia tuvastamiseks tingimata vaja vereanal\u00fc\u00fcse. IgE testid tehakse peamiselt kinnitamiseks.\u00a0<b>ROLE\u2122 programm<\/b>\u00a0ei tuvasta I t\u00fc\u00fcpi toiduallergiaid.<\/p>\t\t\t\t\t\t<\/div>\n\t\t\t\t<\/div>\n\t\t\t\t<\/div>\n\t\t\t\t\t<\/div>\n\t\t\t\t<\/div>\n\t\t\t\t\t<\/div>\n\t\t\t\t<\/div>\n\t\t<div class=\"elementor-element elementor-element-4e8f846 e-flex e-con-boxed e-con e-parent\" data-id=\"4e8f846\" data-element_type=\"container\">\n\t\t\t\t\t<div class=\"e-con-inner\">\n\t\t<div class=\"elementor-element elementor-element-778a0ab e-flex e-con-boxed e-con e-child\" data-id=\"778a0ab\" data-element_type=\"container\">\n\t\t\t\t\t<div class=\"e-con-inner\">\n\t\t<div class=\"elementor-element elementor-element-d15d49d e-con-full e-flex e-con e-child\" data-id=\"d15d49d\" data-element_type=\"container\">\n\t\t\t\t<div class=\"elementor-element elementor-element-a57bd00 elementor-widget elementor-widget-heading\" data-id=\"a57bd00\" data-element_type=\"widget\" data-widget_type=\"heading.default\">\n\t\t\t\t<div class=\"elementor-widget-container\">\n\t\t\t<h2 class=\"elementor-heading-title elementor-size-default\">Hilinenud IgG toiduallergia\n<\/h2>\t\t<\/div>\n\t\t\t\t<\/div>\n\t\t\t\t<div class=\"elementor-element elementor-element-e886793 elementor-widget elementor-widget-text-editor\" data-id=\"e886793\" data-element_type=\"widget\" data-widget_type=\"text-editor.default\">\n\t\t\t\t<div class=\"elementor-widget-container\">\n\t\t\t\t\t\t\t<p>III t\u00fc\u00fcpi toiduallergia on siis, kui immuuns\u00fcsteem toodab spetsiifilisi IgG antikehi (alaklassi G immunoglobuliinid). Need antikehad v\u00f5ivad p\u00f5hjustada p\u00f5letikulisi protsesse. S\u00fcmptomid ilmnevad kuni kolm p\u00e4eva p\u00e4rast vallandava toidu tarbimist.<\/p><p>Hilinenud ilmnemise t\u00f5ttu on v\u00e4ga raske kindlaks teha, milline toit p\u00f5hjustab probleeme.<\/p><p><b>ROLE\u2122 programmiga<\/b>\u00a0peate ainult v\u00e4ltima k\u00f5rgenenud IgG antikehade v\u00e4\u00e4rtusega toite. See t\u00e4hendab, et saate s\u00e4ilitada mitmek\u00fclgse ja mitmekesise toidu ning ei pea end tarbetult piirama. P\u00e4rast teatavat v\u00e4ltimisperioodi v\u00f5ite taas v\u00f5tta toite \u00fckshaaval oma dieeti ja j\u00e4lgida oma s\u00fcmptomeid. See provokatsioonifaas on t\u00e4htis samm teie isiklike \u201cvallandavate produktide\u201d tuvastamisel.<\/p>\t\t\t\t\t\t<\/div>\n\t\t\t\t<\/div>\n\t\t\t\t<\/div>\n\t\t\t\t\t<\/div>\n\t\t\t\t<\/div>\n\t\t\t\t\t<\/div>\n\t\t\t\t<\/div>\n\t\t\t\t<\/div>\n\t\t","protected":false},"excerpt":{"rendered":"<p>Laboratoorne analuus IgE toiduallergia Klassikaline IgE toiduallergia Klassikaline I t\u00fc\u00fcpi allergia on siis, kui immuuns\u00fcsteem toodab spetsiifilisi IgE antikehi (alaklassi E immunoglobuliinid). Need antikehad p\u00f5hjustavad kohest allergilist reaktsiooni. S\u00fcmptomid ilmnevad m\u00f5ne sekundi v\u00f5i minuti jooksul: tugev turse, hingamisraskused, l\u00f6\u00f6ve, naha s\u00fcgelemine v\u00f5i isegi anaf\u00fclaktiline \u0161okk. Inimene, kellel on I t\u00fc\u00fcpi allergia, teab t\u00f5en\u00e4oliselt, milline toit [&hellip;]<\/p>\n","protected":false},"author":1,"featured_media":0,"parent":0,"menu_order":0,"comment_status":"closed","ping_status":"closed","template":"","meta":{"footnotes":""},"class_list":["post-156","page","type-page","status-publish","hentry"],"_links":{"self":[{"href":"https:\/\/roclinic.ee\/index.php\/wp-json\/wp\/v2\/pages\/156","targetHints":{"allow":["GET"]}}],"collection":[{"href":"https:\/\/roclinic.ee\/index.php\/wp-json\/wp\/v2\/pages"}],"about":[{"href":"https:\/\/roclinic.ee\/index.php\/wp-json\/wp\/v2\/types\/page"}],"author":[{"embeddable":true,"href":"https:\/\/roclinic.ee\/index.php\/wp-json\/wp\/v2\/users\/1"}],"replies":[{"embeddable":true,"href":"https:\/\/roclinic.ee\/index.php\/wp-json\/wp\/v2\/comments?post=156"}],"version-history":[{"count":7,"href":"https:\/\/roclinic.ee\/index.php\/wp-json\/wp\/v2\/pages\/156\/revisions"}],"predecessor-version":[{"id":472,"href":"https:\/\/roclinic.ee\/index.php\/wp-json\/wp\/v2\/pages\/156\/revisions\/472"}],"wp:attachment":[{"href":"https:\/\/roclinic.ee\/index.php\/wp-json\/wp\/v2\/media?parent=156"}],"curies":[{"name":"wp","href":"https:\/\/api.w.org\/{rel}","templated":true}]}}